{"id":126,"date":"2025-03-21T16:52:54","date_gmt":"2025-03-21T16:52:54","guid":{"rendered":"https:\/\/tj.reduit.mx\/?page_id=126"},"modified":"2025-03-21T17:06:33","modified_gmt":"2025-03-21T17:06:33","slug":"politicas-de-privacidad","status":"publish","type":"page","link":"https:\/\/tj.reduit.mx\/en\/politicas-de-privacidad\/","title":{"rendered":"PRIVACY POLICY"},"content":{"rendered":"<div data-elementor-type=\"wp-page\" data-elementor-id=\"126\" class=\"elementor elementor-126\">\n\t\t\t\t<div class=\"elementor-element elementor-element-6f36c9b e-flex e-con-boxed e-con e-parent\" data-id=\"6f36c9b\" data-element_type=\"container\">\n\t\t\t\t\t<div class=\"e-con-inner\">\n\t\t\t\t<div class=\"elementor-element elementor-element-5f25c32 elementor-widget elementor-widget-heading\" data-id=\"5f25c32\" data-element_type=\"widget\" data-widget_type=\"heading.default\">\n\t\t\t\t<div class=\"elementor-widget-container\">\n\t\t\t\t\t<h2 class=\"elementor-heading-title elementor-size-default\">PRIVACY POLICY<\/h2>\t\t\t\t<\/div>\n\t\t\t\t<\/div>\n\t\t\t\t\t<\/div>\n\t\t\t\t<\/div>\n\t\t<div class=\"elementor-element elementor-element-be83848 e-flex e-con-boxed e-con e-parent\" data-id=\"be83848\" data-element_type=\"container\">\n\t\t\t\t\t<div class=\"e-con-inner\">\n\t\t\t\t<div class=\"elementor-element elementor-element-f7d3ce6 elementor-widget elementor-widget-text-editor\" data-id=\"f7d3ce6\" data-element_type=\"widget\" data-widget_type=\"text-editor.default\">\n\t\t\t\t<div class=\"elementor-widget-container\">\n\t\t\t\t\t\t\t\t\t<p><span style=\"font-weight: 400;\">The R\u00e9duit website is owned by R\u00e9duit S.C., which is responsible for the processing of your personal data.<\/span><\/p><p><span style=\"font-weight: 400;\">We have adopted this Privacy Policy, which explains how we process the information collected by R\u00e9duit, and why we must collect certain personal data about you. Therefore, you must read this Privacy Policy before using the R\u00e9duit website.<\/span><\/p><p><span style=\"font-weight: 400;\">We care about your personal data and are committed to ensuring its confidentiality and security.<\/span><\/p>\t\t\t\t\t\t\t\t<\/div>\n\t\t\t\t<\/div>\n\t\t\t\t\t<\/div>\n\t\t\t\t<\/div>\n\t\t<div class=\"elementor-element elementor-element-8728e01 e-flex e-con-boxed e-con e-parent\" data-id=\"8728e01\" data-element_type=\"container\">\n\t\t\t\t\t<div class=\"e-con-inner\">\n\t\t\t\t<div class=\"elementor-element elementor-element-8b8dd28 elementor-widget elementor-widget-heading\" data-id=\"8b8dd28\" data-element_type=\"widget\" data-widget_type=\"heading.default\">\n\t\t\t\t<div class=\"elementor-widget-container\">\n\t\t\t\t\t<h3 class=\"elementor-heading-title elementor-size-default\">Personal Information We Collect:<\/h3>\t\t\t\t<\/div>\n\t\t\t\t<\/div>\n\t\t\t\t<div class=\"elementor-element elementor-element-93c8bf7 elementor-widget elementor-widget-text-editor\" data-id=\"93c8bf7\" data-element_type=\"widget\" data-widget_type=\"text-editor.default\">\n\t\t\t\t<div class=\"elementor-widget-container\">\n\t\t\t\t\t\t\t\t\t<p><span style=\"font-weight: 400;\">When you visit R\u00e9duit, we automatically collect certain information about your device, including information about your web browser, IP address, time zone, and some of the cookies installed on your device. Additionally, as you browse the site, we collect information about the individual web pages or products you view, which websites or search terms referred you to the site, and how you interact with the site. We refer to this automatically-collected information as \u201cDevice Information.\u201d\n We may also collect the personal data you provide to us (including, but not limited to, your name, last name, address, etc.) when you register to fulfill an agreement.<\/span><\/p>\t\t\t\t\t\t\t\t<\/div>\n\t\t\t\t<\/div>\n\t\t\t\t<div class=\"elementor-element elementor-element-0f5a790 elementor-widget elementor-widget-heading\" data-id=\"0f5a790\" data-element_type=\"widget\" data-widget_type=\"heading.default\">\n\t\t\t\t<div class=\"elementor-widget-container\">\n\t\t\t\t\t<h3 class=\"elementor-heading-title elementor-size-default\">Why Do We Process Your Data?<\/h3>\t\t\t\t<\/div>\n\t\t\t\t<\/div>\n\t\t\t\t<div class=\"elementor-element elementor-element-966107c elementor-widget elementor-widget-text-editor\" data-id=\"966107c\" data-element_type=\"widget\" data-widget_type=\"text-editor.default\">\n\t\t\t\t<div class=\"elementor-widget-container\">\n\t\t\t\t\t\t\t\t\t<p><span style=\"font-weight: 400;\">Our top priority is the security of patient data. As such, we only process minimal user data\u2014just enough to maintain the website. The automatically collected information is used solely to identify potential cases of abuse and establish statistical information regarding site usage. This statistical data is not aggregated in a way that would identify any specific system user.<\/span><\/p><p><span style=\"font-weight: 400;\">You can visit the website without revealing your identity or providing any information that would allow someone to identify you as a specific individual. However, if you wish to use certain features of the website or subscribe to our newsletter or complete a form, you may need to provide us with personal data such as your email, name, last name, city of residence, organization, or phone number.\n You may choose not to provide personal data, but this might prevent you from using some features of the website\u2014for example, you may not be able to receive our newsletter or contact us directly.\n If you have any doubts about what information is required, feel free to contact us at publicidad@reduitmarmolejo.com.<\/span><\/p>\t\t\t\t\t\t\t\t<\/div>\n\t\t\t\t<\/div>\n\t\t\t\t<div class=\"elementor-element elementor-element-8b4e9ab elementor-widget elementor-widget-heading\" data-id=\"8b4e9ab\" data-element_type=\"widget\" data-widget_type=\"heading.default\">\n\t\t\t\t<div class=\"elementor-widget-container\">\n\t\t\t\t\t<h3 class=\"elementor-heading-title elementor-size-default\">Your Rights:<\/h3>\t\t\t\t<\/div>\n\t\t\t\t<\/div>\n\t\t\t\t<div class=\"elementor-element elementor-element-6c0e193 elementor-widget elementor-widget-text-editor\" data-id=\"6c0e193\" data-element_type=\"widget\" data-widget_type=\"text-editor.default\">\n\t\t\t\t<div class=\"elementor-widget-container\">\n\t\t\t\t\t\t\t\t\t<p><span style=\"font-weight: 400;\">If you are a user of the R\u00e9duit Paciente system, you have the following rights regarding your personal data:<\/span><\/p><ul><li style=\"font-weight: 400;\" aria-level=\"1\"><span style=\"font-weight: 400;\">The right to be informed<\/span><\/li><li style=\"font-weight: 400;\" aria-level=\"1\"><span style=\"font-weight: 400;\">The right of access<\/span><\/li><li style=\"font-weight: 400;\" aria-level=\"1\"><span style=\"font-weight: 400;\">The right to rectification<\/span><\/li><li style=\"font-weight: 400;\" aria-level=\"1\"><span style=\"font-weight: 400;\">The right to erasure<\/span><\/li><li style=\"font-weight: 400;\" aria-level=\"1\"><span style=\"font-weight: 400;\">The right to restrict processing<\/span><\/li><li style=\"font-weight: 400;\" aria-level=\"1\"><span style=\"font-weight: 400;\">The right to data portability<\/span><\/li><li style=\"font-weight: 400;\" aria-level=\"1\"><span style=\"font-weight: 400;\">The right to object<\/span><\/li><li style=\"font-weight: 400;\" aria-level=\"1\"><span style=\"font-weight: 400;\">Rights in relation to automated decision making and profiling<\/span><\/li><li style=\"font-weight: 400;\" aria-level=\"1\"><span style=\"font-weight: 400;\">The right to request the deletion of your personal data if you believe it is at risk, which may also result in revoked access to the R\u00e9duit Paciente system and any services that depend on such information.<\/span><\/li><\/ul><p><span style=\"font-weight: 400;\">To exercise any of these rights, please contact us using the contact information below.<\/span><\/p><p><span style=\"font-weight: 400;\">Additionally, if you are a European resident, please note that we process your information to fulfill contracts we might have with you (for example, if you place an order through the Site), or otherwise to pursue our legitimate business interests.\n Also, be aware that your information may be transferred outside of Europe, including to Canada and the United States.<\/span><\/p>\t\t\t\t\t\t\t\t<\/div>\n\t\t\t\t<\/div>\n\t\t\t\t<div class=\"elementor-element elementor-element-3598a0c elementor-widget elementor-widget-heading\" data-id=\"3598a0c\" data-element_type=\"widget\" data-widget_type=\"heading.default\">\n\t\t\t\t<div class=\"elementor-widget-container\">\n\t\t\t\t\t<h3 class=\"elementor-heading-title elementor-size-default\">Links to Other Sites:<\/h3>\t\t\t\t<\/div>\n\t\t\t\t<\/div>\n\t\t\t\t<div class=\"elementor-element elementor-element-e45fb28 elementor-widget elementor-widget-text-editor\" data-id=\"e45fb28\" data-element_type=\"widget\" data-widget_type=\"text-editor.default\">\n\t\t\t\t<div class=\"elementor-widget-container\">\n\t\t\t\t\t\t\t\t\t<p><span style=\"font-weight: 400;\">Our website may contain links to other websites that are not owned or controlled by us. Please be aware that we are not responsible for the privacy practices of such third-party websites.\n We encourage you to read the privacy policies of any external sites you visit that may collect personal data.<\/span><\/p>\t\t\t\t\t\t\t\t<\/div>\n\t\t\t\t<\/div>\n\t\t\t\t<div class=\"elementor-element elementor-element-4b3c795 elementor-widget elementor-widget-heading\" data-id=\"4b3c795\" data-element_type=\"widget\" data-widget_type=\"heading.default\">\n\t\t\t\t<div class=\"elementor-widget-container\">\n\t\t\t\t\t<h3 class=\"elementor-heading-title elementor-size-default\">Security Information:<\/h3>\t\t\t\t<\/div>\n\t\t\t\t<\/div>\n\t\t\t\t<div class=\"elementor-element elementor-element-c01b89a elementor-widget elementor-widget-text-editor\" data-id=\"c01b89a\" data-element_type=\"widget\" data-widget_type=\"text-editor.default\">\n\t\t\t\t<div class=\"elementor-widget-container\">\n\t\t\t\t\t\t\t\t\t<p><span style=\"font-weight: 400;\">We protect the information you provide on computer servers in a secure, controlled environment, safeguarded against unauthorized access, use, or disclosure. We maintain reasonable administrative, technical, and physical safeguards to protect personal data.\n However, please note that no data transmission over the Internet or wireless network can be guaranteed as 100% secure.<\/span><\/p>\t\t\t\t\t\t\t\t<\/div>\n\t\t\t\t<\/div>\n\t\t\t\t<div class=\"elementor-element elementor-element-c320f82 elementor-widget elementor-widget-heading\" data-id=\"c320f82\" data-element_type=\"widget\" data-widget_type=\"heading.default\">\n\t\t\t\t<div class=\"elementor-widget-container\">\n\t\t\t\t\t<h3 class=\"elementor-heading-title elementor-size-default\">Legal Disclosure:<\/h3>\t\t\t\t<\/div>\n\t\t\t\t<\/div>\n\t\t\t\t<div class=\"elementor-element elementor-element-34039b3 elementor-widget elementor-widget-text-editor\" data-id=\"34039b3\" data-element_type=\"widget\" data-widget_type=\"text-editor.default\">\n\t\t\t\t<div class=\"elementor-widget-container\">\n\t\t\t\t\t\t\t\t\t<p><span style=\"font-weight: 400;\">We will disclose any information we collect, use, or receive if required or permitted by law\u2014such as to comply with a subpoena or similar legal process\u2014or if we believe in good faith that disclosure is necessary to protect our rights, your safety, the safety of others, to investigate fraud, or to respond to a government request.<\/span><\/p>\t\t\t\t\t\t\t\t<\/div>\n\t\t\t\t<\/div>\n\t\t\t\t<div class=\"elementor-element elementor-element-6554f64 elementor-widget elementor-widget-heading\" data-id=\"6554f64\" data-element_type=\"widget\" data-widget_type=\"heading.default\">\n\t\t\t\t<div class=\"elementor-widget-container\">\n\t\t\t\t\t<h3 class=\"elementor-heading-title elementor-size-default\">Contact Information:<\/h3>\t\t\t\t<\/div>\n\t\t\t\t<\/div>\n\t\t\t\t<div class=\"elementor-element elementor-element-5b21068 elementor-widget elementor-widget-text-editor\" data-id=\"5b21068\" data-element_type=\"widget\" data-widget_type=\"text-editor.default\">\n\t\t\t\t<div class=\"elementor-widget-container\">\n\t\t\t\t\t\t\t\t\t<p><span style=\"font-weight: 400;\">If you would like to contact us to understand more about this policy or to reach out regarding your individual rights and personal data, you may email us at publicidad@reduitmarmolejo.com or send a WhatsApp message to +52 322 213 7156.<\/span><\/p>\t\t\t\t\t\t\t\t<\/div>\n\t\t\t\t<\/div>\n\t\t\t\t\t<\/div>\n\t\t\t\t<\/div>\n\t\t\t\t<\/div>","protected":false},"excerpt":{"rendered":"<p>POL\u00cdTICAS DE PRIVACIDAD El sitio web de R\u00e9duit es propiedad de R\u00e9duit S.C., que es el responsable del tratamiento de [&hellip;]<\/p>","protected":false},"author":1,"featured_media":0,"parent":0,"menu_order":0,"comment_status":"closed","ping_status":"closed","template":"","meta":{"inline_featured_image":false,"site-sidebar-layout":"no-sidebar","site-content-layout":"","ast-site-content-layout":"full-width-container","site-content-style":"default","site-sidebar-style":"default","ast-global-header-display":"","ast-banner-title-visibility":"","ast-main-header-display":"","ast-hfb-above-header-display":"","ast-hfb-below-header-display":"","ast-hfb-mobile-header-display":"","site-post-title":"disabled","ast-breadcrumbs-content":"","ast-featured-img":"disabled","footer-sml-layout":"","theme-transparent-header-meta":"","adv-header-id-meta":"","stick-header-meta":"","header-above-stick-meta":"","header-main-stick-meta":"","header-below-stick-meta":"","astra-migrate-meta-layouts":"default","ast-page-background-enabled":"default","ast-page-background-meta":{"desktop":{"background-color":"var(--ast-global-color-5)","background-image":"","background-repeat":"repeat","background-position":"center center","background-size":"auto","background-attachment":"scroll","background-type":"","background-media":"","overlay-type":"","overlay-color":"","overlay-opacity":"","overlay-gradient":""},"tablet":{"background-color":"","background-image":"","background-repeat":"repeat","background-position":"center center","background-size":"auto","background-attachment":"scroll","background-type":"","background-media":"","overlay-type":"","overlay-color":"","overlay-opacity":"","overlay-gradient":""},"mobile":{"background-color":"","background-image":"","background-repeat":"repeat","background-position":"center center","background-size":"auto","background-attachment":"scroll","background-type":"","background-media":"","overlay-type":"","overlay-color":"","overlay-opacity":"","overlay-gradient":""}},"ast-content-background-meta":{"desktop":{"background-color":"var(--ast-global-color-4)","background-image":"","background-repeat":"repeat","background-position":"center center","background-size":"auto","background-attachment":"scroll","background-type":"","background-media":"","overlay-type":"","overlay-color":"","overlay-opacity":"","overlay-gradient":""},"tablet":{"background-color":"var(--ast-global-color-4)","background-image":"","background-repeat":"repeat","background-position":"center center","background-size":"auto","background-attachment":"scroll","background-type":"","background-media":"","overlay-type":"","overlay-color":"","overlay-opacity":"","overlay-gradient":""},"mobile":{"background-color":"var(--ast-global-color-4)","background-image":"","background-repeat":"repeat","background-position":"center center","background-size":"auto","background-attachment":"scroll","background-type":"","background-media":"","overlay-type":"","overlay-color":"","overlay-opacity":"","overlay-gradient":""}},"_joinchat":[],"footnotes":""},"class_list":["post-126","page","type-page","status-publish","hentry"],"_links":{"self":[{"href":"https:\/\/tj.reduit.mx\/en\/wp-json\/wp\/v2\/pages\/126","targetHints":{"allow":["GET"]}}],"collection":[{"href":"https:\/\/tj.reduit.mx\/en\/wp-json\/wp\/v2\/pages"}],"about":[{"href":"https:\/\/tj.reduit.mx\/en\/wp-json\/wp\/v2\/types\/page"}],"author":[{"embeddable":true,"href":"https:\/\/tj.reduit.mx\/en\/wp-json\/wp\/v2\/users\/1"}],"replies":[{"embeddable":true,"href":"https:\/\/tj.reduit.mx\/en\/wp-json\/wp\/v2\/comments?post=126"}],"version-history":[{"count":4,"href":"https:\/\/tj.reduit.mx\/en\/wp-json\/wp\/v2\/pages\/126\/revisions"}],"predecessor-version":[{"id":134,"href":"https:\/\/tj.reduit.mx\/en\/wp-json\/wp\/v2\/pages\/126\/revisions\/134"}],"wp:attachment":[{"href":"https:\/\/tj.reduit.mx\/en\/wp-json\/wp\/v2\/media?parent=126"}],"curies":[{"name":"wp","href":"https:\/\/api.w.org\/{rel}","templated":true}]}}